{"id":4329,"date":"2018-01-26T10:58:21","date_gmt":"2018-01-26T09:58:21","guid":{"rendered":"https:\/\/globals.app\/cado\/contacte\/"},"modified":"2022-12-13T12:50:07","modified_gmt":"2022-12-13T11:50:07","slug":"contacte","status":"publish","type":"page","link":"https:\/\/www.tableroscado.com\/ca\/contacte\/","title":{"rendered":"Contacte"},"content":{"rendered":"<p>[vc_row full_width=&#8221;stretch_row&#8221; el_class=&#8221;contact-form-area contacte__formulari&#8221;][vc_column el_class=&#8221;title text-center&#8221;][vc_column_text css=&#8221;.vc_custom_1629876341853{margin-bottom: 15px !important;}&#8221;]<\/p>\n<h3>Envia\u2019ns un missatge<\/h3>\n<p>[\/vc_column_text][vc_column_text css=&#8221;.vc_custom_1629821773069{margin-bottom: 25px !important;}&#8221; el_class=&#8221;contacte__formulari-descripcio&#8221;]<\/p>\n<p class=\"font-light\">Si tens algun dubte, suggeriment o vols enviar-nos un missatge, pots posar-te en contacte amb nosaltres a trav\u00e9s del formulari seg\u00fcent.<\/p>\n<p>[\/vc_column_text][vc_raw_html]PGRpdiBjbGFzcz0ibGluZSI+PC9kaXY+[\/vc_raw_html]\n<div class=\"wpcf7 no-js\" id=\"wpcf7-f4328-o1\" lang=\"en-US\" dir=\"ltr\">\n<div class=\"screen-reader-response\"><p role=\"status\" aria-live=\"polite\" aria-atomic=\"true\"><\/p> <ul><\/ul><\/div>\n<form action=\"\/ca\/wp-json\/wp\/v2\/pages\/4329#wpcf7-f4328-o1\" method=\"post\" class=\"wpcf7-form init wpcf7-acceptance-as-validation\" aria-label=\"Contact form\" novalidate=\"novalidate\" data-status=\"init\">\n<div style=\"display: none;\">\n<input type=\"hidden\" name=\"_wpcf7\" value=\"4328\" \/>\n<input type=\"hidden\" name=\"_wpcf7_version\" value=\"5.7.7\" \/>\n<input type=\"hidden\" name=\"_wpcf7_locale\" value=\"en_US\" \/>\n<input type=\"hidden\" name=\"_wpcf7_unit_tag\" value=\"wpcf7-f4328-o1\" \/>\n<input type=\"hidden\" name=\"_wpcf7_container_post\" value=\"0\" \/>\n<input type=\"hidden\" name=\"_wpcf7_posted_data_hash\" value=\"\" \/>\n<\/div>\n<div class=\"contact-form\">\n\t<div class=\"row\">\n\t\t<div class=\"col-md-4\">\n\t\t\t<p><span class=\"wpcf7-form-control-wrap\" data-name=\"your-name\"><input size=\"40\" class=\"wpcf7-form-control wpcf7-text wpcf7-validates-as-required tt_input\" aria-required=\"true\" aria-invalid=\"false\" placeholder=\"Nom\" value=\"\" type=\"text\" name=\"your-name\" \/><\/span>\n\t\t\t<\/p>\n\t\t<\/div><!-- \/.col-md-4 -->\n\t\t<div class=\"col-md-4\">\n\t\t\t<p><span class=\"wpcf7-form-control-wrap\" data-name=\"your-email\"><input size=\"40\" class=\"wpcf7-form-control wpcf7-text wpcf7-email wpcf7-validates-as-required wpcf7-validates-as-email tt_input\" aria-required=\"true\" aria-invalid=\"false\" placeholder=\"Correu electr\u00f2nic\" value=\"\" type=\"email\" name=\"your-email\" \/><\/span>\n\t\t\t<\/p>\n\t\t<\/div><!-- \/.col-md-4 -->\n\t\t<div class=\"col-md-4\">\n\t\t\t<p><span class=\"wpcf7-form-control-wrap\" data-name=\"your-phone\"><input size=\"40\" class=\"wpcf7-form-control wpcf7-text wpcf7-validates-as-required tt_input\" aria-required=\"true\" aria-invalid=\"false\" placeholder=\"Tel\u00e8fon\" value=\"\" type=\"text\" name=\"your-phone\" \/><\/span>\n\t\t\t<\/p>\n\t\t<\/div><!-- \/.col-md-4 -->\n\t\t<div class=\"col-md-12\">\n\t\t\t<p><span class=\"wpcf7-form-control-wrap\" data-name=\"your-message\"><textarea cols=\"40\" rows=\"10\" class=\"wpcf7-form-control wpcf7-textarea tt_textarea\" aria-invalid=\"false\" placeholder=\"Missatge\" name=\"your-message\"><\/textarea><\/span>\n\t\t\t<\/p>\n\t\t\t<div class=\"formulari_desplegable\">\n\t\t\t\t<p><a data-toggle=\"collapse\" href=\"#collapseExample\" role=\"button\" aria-expanded=\"false\" aria-controls=\"collapseExample\">Abans d'acceptar, llegeix el consentiment per al tractament de dades personals <i class=\"fa fa-plus\"><\/i><\/a>\n\t\t\t\t<\/p>\n\t\t\t\t<div class=\"collapse\" id=\"collapseExample\">\n\t\t\t\t\t<div class=\"card card-body\">\n\t\t\t\t\t\t<p>En virtut de l'article 5.1 de la Llei org\u00e0nica 15\/1999, de 13 de desembre, de protecci\u00f3 de dades de car\u00e0cter personal (LOPD), us informem que les dades de car\u00e0cter personal que ens proporcioneu mitjan\u00e7ant aquesta sol\u00b7licitud seran incorporades al fitxer \"Usuaris del web de Tableros Cado\", amb titularitat de Tableros CADO, amb la finalitat de mantenir-vos informats. Les dades de car\u00e0cter personal que us sol\u00b7licitem s\u00f3n absolutament necess\u00e0ries per a gestionar adequadament la vostra sol\u00b7licitud. Per aix\u00f2, \u00e9s obligatori que empleneu els camps oportuns; en cas que no ho feu, no podrem atendre degudament la sol\u00b7licitud. Els sol\u00b7licitants les dades de les quals siguin objecte de tractament podran exercir gratu\u00eftament els drets d'acc\u00e9s, rectificaci\u00f3, cancel\u00b7laci\u00f3 i oposici\u00f3, segons els termes establerts a la LOPD, adre\u00e7ant una sol\u00b7licitud per escrit, acompanyada d'una fotoc\u00f2pia del document d'identitat, a Tableros CADO.\n\t\t\t\t\t\t<\/p>\n\t\t\t\t\t<\/div>\n\t\t\t\t<\/div>\n\t\t\t<\/div>\n\t\t\t<div class=\"acceptar-politica\">\n\t\t\t\t<p><span class=\"wpcf7-form-control-wrap\" data-name=\"acceptance-826\"><span class=\"wpcf7-form-control wpcf7-acceptance\"><span class=\"wpcf7-list-item\"><label><input type=\"checkbox\" name=\"acceptance-826\" value=\"1\" aria-invalid=\"false\" \/><span class=\"wpcf7-list-item-label\">Accepto la <a href=\"https:\/\/www.tableroscado.com\/politica-privacidad\/\" target=\"_blank\">pol\u00edtica de privacitat<\/a>.<\/span><\/label><\/span><\/span><\/span>\n\t\t\t\t<\/p>\n\t\t\t<\/div>\n\t\t\t<div class=\"form__captcha\">\n\t\t\t\t<p>Captcha <span class=\"wpcf7-form-control-wrap mathcaptcha-854\">&#x35; + <input size=\"2\" maxlength=\"2\" class=\"wpcf7-form-control wpcf7-mathcaptcha\" aria-required=\"true\" type=\"text\" name=\"mathcaptcha-854\" value=\"\" \/> = &#x31;&#52;<\/span><input type=\"hidden\" value=\"0\" name=\"mathcaptcha-854-sn\" \/>\n\t\t\t\t<\/p>\n\t\t\t<\/div>\n\t\t\t<div>\n\t\t\t\t<p><input class=\"wpcf7-form-control has-spinner wpcf7-submit tt_button\" type=\"submit\" value=\"Envia\" \/>\n\t\t\t\t<\/p>\n\t\t\t<\/div>\n\t\t<\/div><!-- \/.col-md-12 -->\n\t<\/div><!-- \/.row -->\n<\/div><div class=\"wpcf7-response-output\" aria-hidden=\"true\"><\/div>\n<\/form>\n<\/div>\n[\/vc_column][\/vc_row][vc_row full_width=&#8221;stretch_row&#8221; el_class=&#8221;contact-page-info&#8221; css=&#8221;.vc_custom_1624894337406{background-color: #ececec !important;}&#8221;][vc_column width=&#8221;1\/4&#8243;][vc_raw_html]PGRpdiBjbGFzcz0ic2luZ2xlLWNvbnRhY3QtaW5mbyI+DQo8ZGl2IGNsYXNzPSJpY29uLWJveCI+DQoJPGkgY2xhc3M9ImZhIGZhLW1hcC1tYXJrZXIiPjwvaT4NCjwvZGl2PjwhLS0gLy5pY29uLWJveCAtLT4NCgk8aDM+QWRyZcOnYTwvaDM+DQoJPHA+UG9sLiBpbmQuIEJhaXggRWJyZTxicj4NCkNhcnJlciBGIC0gcGFyY2VswrdsYSA0NTxicj4NCjQzODk3IENhbXByZWTDsyAoVGFycmFnb25hKQ0KPC9wPg0KCTwvZGl2Pg==[\/vc_raw_html][\/vc_column][vc_column width=&#8221;1\/4&#8243;][vc_raw_html]PGRpdiBjbGFzcz0ic2luZ2xlLWNvbnRhY3QtaW5mbyI+DQoJPGRpdiBjbGFzcz0iaWNvbi1ib3giPg0KCQkNCgkJCQkJPGkgY2xhc3M9ImZhIGZhLW1vYmlsZSI+PC9pPg0KCQkJPC9kaXY+PCEtLSAvLmljb24tYm94IC0tPg0KCTxoMz5UZWzDqGZvbjwvaDM+DQoJPHA+KDM0KSA5NzcgNDU0IDI0OTwvcD4NCgk8L2Rpdj4=[\/vc_raw_html][\/vc_column][vc_column width=&#8221;1\/4&#8243;][vc_raw_html]PGRpdiBjbGFzcz0ic2luZ2xlLWNvbnRhY3QtaW5mbyI+DQoJPGRpdiBjbGFzcz0iaWNvbi1ib3giPg0KCQkNCgkJCQkJPGkgY2xhc3M9ImZhIGZhLWVudmVsb3BlLW8iPjwvaT4NCgkJCTwvZGl2PjwhLS0gLy5pY29uLWJveCAtLT4NCgk8aDM+Q29ycmV1IGVsZWN0csOybmljPC9oMz4NCgk8cD48YSBocmVmPSJtYWlsdG86aW5mb0B0YWJsZXJvc2NhZG8uY29tIj5pbmZvQHRhYmxlcm9zY2Fkby5jb208L2E+PC9wPg0KCTwvZGl2Pg==[\/vc_raw_html][\/vc_column][vc_column width=&#8221;1\/4&#8243;][vc_raw_html css=&#8221;.vc_custom_1624894103913{margin-bottom: 0px !important;}&#8221;]PGRpdiBjbGFzcz0ic2luZ2xlLWNvbnRhY3QtaW5mbyI+DQoJPGRpdiBjbGFzcz0iaWNvbi1ib3giPg0KCQkNCgkJCQkJPGkgY2xhc3M9ImZhIGZhLXNoYXJlLWFsdCI+PC9pPg0KCQkJPC9kaXY+PCEtLSAvLmljb24tYm94IC0tPg0KCTxoMz5TZWd1ZWl4LW5vczwvaDM+DQoJPC9kaXY+[\/vc_raw_html][vc_raw_html el_class=&#8221;single-contact-info&#8221;]PGRpdiBjbGFzcz0ic29jaWFsIj4NCjxhIGhyZWY9Imh0dHBzOi8vd3d3LmZhY2Vib29rLmNvbS9jYWRvdGFibGVyb3MiIHRhcmdldD0iX2JsYW5rIiBjbGFzcz0iZmEgZmEtZmFjZWJvb2siPjwvYT4NCjxhIGhyZWY9Imh0dHBzOi8vd3d3Lmluc3RhZ3JhbS5jb20vY2Fkb3RhYmxlcm9zLyIgdGFyZ2V0PSJfYmxhbmsiIGNsYXNzPSJmYSBmYS1pbnN0YWdyYW0iPjwvYT4NCjwvZGl2Pg==[\/vc_raw_html][\/vc_column][\/vc_row][vc_row full_width=&#8221;stretch_row_content_no_spaces&#8221;][vc_column el_class=&#8221;tt-map&#8221; css=&#8221;.vc_custom_1624894377832{padding-top: 0px !important;}&#8221;][vc_gmaps link=&#8221;#E-8_JTNDaWZyYW1lJTIwc3JjJTNEJTIyaHR0cHMlM0ElMkYlMkZ3d3cuZ29vZ2xlLmNvbSUyRm1hcHMlMkZlbWJlZCUzRnBiJTNEJTIxMW0xNCUyMTFtOCUyMTFtMyUyMTFkMTIwODcuOTA0MDUzMzQ0Njk5JTIxMmQwLjU0OTQyMzclMjEzZDQwLjc2MjU1MjMlMjEzbTIlMjExaTEwMjQlMjEyaTc2OCUyMTRmMTMuMSUyMTNtMyUyMTFtMiUyMTFzMHgwJTI1M0EweDU4NzkwMTBlNGM3YjBlNjMlMjEyc1RhYmxlcm9zJTI1MjBDYWRvJTI1MkMlMjUyMFNMJTIxNWUwJTIxM20yJTIxMXNlcyUyMTJzZXMlMjE0djE2MjQ4OTQyMDYzMDclMjE1bTIlMjExc2VzJTIxMnNlcyUyMiUyMHdpZHRoJTNEJTIyODAwJTIyJTIwaGVpZ2h0JTNEJTIyNjAwJTIyJTIwc3R5bGUlM0QlMjJib3JkZXIlM0EwJTNCJTIyJTIwYWxsb3dmdWxsc2NyZWVuJTNEJTIyJTIyJTIwbG9hZGluZyUzRCUyMmxhenklMjIlM0UlM0MlMkZpZnJhbWUlM0U=&#8221; size=&#8221;500&#8243;][\/vc_column][\/vc_row][vc_row full_width=&#8221;stretch_row_content_no_spaces&#8221; el_class=&#8221;home__cta&#8221;][vc_column][tt_vc_cta_shortcode title=&#8221;Deixa\u2019t assessorar per nosaltres&#8221; subtitle=&#8221;Els millors professionals i preus&#8221; callnowtxt=&#8221;Truca\u2019ns&#8221; ortxt=&#8221;O&#8221; btn_link=&#8221;url:https%3A%2F%2Fwww.tableroscado.com%2Fca%2Fcontacte%2F|title:Contacta|target:_blank&#8221; callnowvalue=&#8221;977 454 249&#8243;][\/vc_column][\/vc_row]<\/p>\n","protected":false},"excerpt":{"rendered":"<p>[vc_row full_width=&#8221;stretch_row&#8221; el_class=&#8221;contact-form-area contacte__formulari&#8221;][vc_column el_class=&#8221;title text-center&#8221;][vc_column_text css=&#8221;.vc_custom_1629876341853{margin-bottom: 15px !important;}&#8221;] Envia\u2019ns un missatge [\/vc_column_text][vc_column_text css=&#8221;.vc_custom_1629821773069{margin-bottom: 25px !important;}&#8221; el_class=&#8221;contacte__formulari-descripcio&#8221;] Si tens algun dubte, suggeriment o vols enviar-nos un missatge, pots posar-te en contacte amb nosaltres a trav\u00e9s del formulari seg\u00fcent. [\/vc_column_text][vc_raw_html]PGRpdiBjbGFzcz0ibGluZSI+PC9kaXY+[\/vc_raw_html][\/vc_column][\/vc_row][vc_row full_width=&#8221;stretch_row&#8221; el_class=&#8221;contact-page-info&#8221; css=&#8221;.vc_custom_1624894337406{background-color: #ececec !important;}&#8221;][vc_column width=&#8221;1\/4&#8243;][vc_raw_html]PGRpdiBjbGFzcz0ic2luZ2xlLWNvbnRhY3QtaW5mbyI+DQo8ZGl2IGNsYXNzPSJpY29uLWJveCI+DQoJPGkgY2xhc3M9ImZhIGZhLW1hcC1tYXJrZXIiPjwvaT4NCjwvZGl2PjwhLS0gLy5pY29uLWJveCAtLT4NCgk8aDM+QWRyZcOnYTwvaDM+DQoJPHA+UG9sLiBpbmQuIEJhaXggRWJyZTxicj4NCkNhcnJlciBGIC0gcGFyY2VswrdsYSA0NTxicj4NCjQzODk3IENhbXByZWTDsyAoVGFycmFnb25hKQ0KPC9wPg0KCTwvZGl2Pg==[\/vc_raw_html][\/vc_column][vc_column width=&#8221;1\/4&#8243;][vc_raw_html]PGRpdiBjbGFzcz0ic2luZ2xlLWNvbnRhY3QtaW5mbyI+DQoJPGRpdiBjbGFzcz0iaWNvbi1ib3giPg0KCQkNCgkJCQkJPGkgY2xhc3M9ImZhIGZhLW1vYmlsZSI+PC9pPg0KCQkJPC9kaXY+PCEtLSAvLmljb24tYm94IC0tPg0KCTxoMz5UZWzDqGZvbjwvaDM+DQoJPHA+KDM0KSA5NzcgNDU0IDI0OTwvcD4NCgk8L2Rpdj4=[\/vc_raw_html][\/vc_column][vc_column width=&#8221;1\/4&#8243;][vc_raw_html]PGRpdiBjbGFzcz0ic2luZ2xlLWNvbnRhY3QtaW5mbyI+DQoJPGRpdiBjbGFzcz0iaWNvbi1ib3giPg0KCQkNCgkJCQkJPGkgY2xhc3M9ImZhIGZhLWVudmVsb3BlLW8iPjwvaT4NCgkJCTwvZGl2PjwhLS0gLy5pY29uLWJveCAtLT4NCgk8aDM+Q29ycmV1IGVsZWN0csOybmljPC9oMz4NCgk8cD48YSBocmVmPSJtYWlsdG86aW5mb0B0YWJsZXJvc2NhZG8uY29tIj5pbmZvQHRhYmxlcm9zY2Fkby5jb208L2E+PC9wPg0KCTwvZGl2Pg==[\/vc_raw_html][\/vc_column][vc_column width=&#8221;1\/4&#8243;][vc_raw_html css=&#8221;.vc_custom_1624894103913{margin-bottom: 0px !important;}&#8221;]PGRpdiBjbGFzcz0ic2luZ2xlLWNvbnRhY3QtaW5mbyI+DQoJPGRpdiBjbGFzcz0iaWNvbi1ib3giPg0KCQkNCgkJCQkJPGkgY2xhc3M9ImZhIGZhLXNoYXJlLWFsdCI+PC9pPg0KCQkJPC9kaXY+PCEtLSAvLmljb24tYm94IC0tPg0KCTxoMz5TZWd1ZWl4LW5vczwvaDM+DQoJPC9kaXY+[\/vc_raw_html][vc_raw_html el_class=&#8221;single-contact-info&#8221;]PGRpdiBjbGFzcz0ic29jaWFsIj4NCjxhIGhyZWY9Imh0dHBzOi8vd3d3LmZhY2Vib29rLmNvbS9jYWRvdGFibGVyb3MiIHRhcmdldD0iX2JsYW5rIiBjbGFzcz0iZmEgZmEtZmFjZWJvb2siPjwvYT4NCjxhIGhyZWY9Imh0dHBzOi8vd3d3Lmluc3RhZ3JhbS5jb20vY2Fkb3RhYmxlcm9zLyIgdGFyZ2V0PSJfYmxhbmsiIGNsYXNzPSJmYSBmYS1pbnN0YWdyYW0iPjwvYT4NCjwvZGl2Pg==[\/vc_raw_html][\/vc_column][\/vc_row][vc_row full_width=&#8221;stretch_row_content_no_spaces&#8221;][vc_column el_class=&#8221;tt-map&#8221; css=&#8221;.vc_custom_1624894377832{padding-top: [&hellip;]<\/p>\n","protected":false},"author":1,"featured_media":0,"parent":0,"menu_order":0,"comment_status":"closed","ping_status":"closed","template":"","meta":{"footnotes":""},"class_list":["post-4329","page","type-page","status-publish","hentry"],"yoast_head":"<!-- This site is optimized with the Yoast SEO plugin v24.9 - https:\/\/yoast.com\/wordpress\/plugins\/seo\/ -->\n<title>Contacte - Formularis de contacte - Tableros Cado<\/title>\n<meta name=\"description\" content=\"Si tens algun dubte, suggeriment o vols enviar-nos un missatge, pots posar-te en contacte amb nosaltres a trav\u00e9s del formulari.\" \/>\n<meta name=\"robots\" content=\"index, follow, max-snippet:-1, max-image-preview:large, max-video-preview:-1\" \/>\n<link rel=\"canonical\" href=\"https:\/\/www.tableroscado.com\/ca\/contacte\/\" \/>\n<meta property=\"og:locale\" content=\"ca_ES\" \/>\n<meta property=\"og:type\" content=\"article\" \/>\n<meta property=\"og:title\" content=\"Contacte - Formularis de contacte - Tableros Cado\" \/>\n<meta property=\"og:description\" content=\"Si tens algun dubte, suggeriment o vols enviar-nos un missatge, pots posar-te en contacte amb nosaltres a trav\u00e9s del formulari.\" \/>\n<meta property=\"og:url\" content=\"https:\/\/www.tableroscado.com\/ca\/contacte\/\" \/>\n<meta property=\"og:site_name\" content=\"Tableros cado\" \/>\n<meta property=\"article:modified_time\" content=\"2022-12-13T11:50:07+00:00\" \/>\n<meta name=\"twitter:card\" content=\"summary_large_image\" \/>\n<meta name=\"twitter:label1\" content=\"Temps estimat de lectura\" \/>\n\t<meta name=\"twitter:data1\" content=\"1 minut\" \/>\n<script type=\"application\/ld+json\" class=\"yoast-schema-graph\">{\"@context\":\"https:\/\/schema.org\",\"@graph\":[{\"@type\":\"WebPage\",\"@id\":\"https:\/\/www.tableroscado.com\/ca\/contacte\/\",\"url\":\"https:\/\/www.tableroscado.com\/ca\/contacte\/\",\"name\":\"Contacte - Formularis de contacte - Tableros Cado\",\"isPartOf\":{\"@id\":\"https:\/\/www.tableroscado.com\/#website\"},\"datePublished\":\"2018-01-26T09:58:21+00:00\",\"dateModified\":\"2022-12-13T11:50:07+00:00\",\"description\":\"Si tens algun dubte, suggeriment o vols enviar-nos un missatge, pots posar-te en contacte amb nosaltres a trav\u00e9s del formulari.\",\"breadcrumb\":{\"@id\":\"https:\/\/www.tableroscado.com\/ca\/contacte\/#breadcrumb\"},\"inLanguage\":\"ca\",\"potentialAction\":[{\"@type\":\"ReadAction\",\"target\":[\"https:\/\/www.tableroscado.com\/ca\/contacte\/\"]}]},{\"@type\":\"BreadcrumbList\",\"@id\":\"https:\/\/www.tableroscado.com\/ca\/contacte\/#breadcrumb\",\"itemListElement\":[{\"@type\":\"ListItem\",\"position\":1,\"name\":\"Portada\",\"item\":\"https:\/\/www.tableroscado.com\/ca\/\"},{\"@type\":\"ListItem\",\"position\":2,\"name\":\"Contacte\"}]},{\"@type\":\"WebSite\",\"@id\":\"https:\/\/www.tableroscado.com\/#website\",\"url\":\"https:\/\/www.tableroscado.com\/\",\"name\":\"Tableros cado\",\"description\":\"\",\"publisher\":{\"@id\":\"https:\/\/www.tableroscado.com\/#organization\"},\"potentialAction\":[{\"@type\":\"SearchAction\",\"target\":{\"@type\":\"EntryPoint\",\"urlTemplate\":\"https:\/\/www.tableroscado.com\/?s={search_term_string}\"},\"query-input\":{\"@type\":\"PropertyValueSpecification\",\"valueRequired\":true,\"valueName\":\"search_term_string\"}}],\"inLanguage\":\"ca\"},{\"@type\":\"Organization\",\"@id\":\"https:\/\/www.tableroscado.com\/#organization\",\"name\":\"Tableros cado\",\"url\":\"https:\/\/www.tableroscado.com\/\",\"logo\":{\"@type\":\"ImageObject\",\"inLanguage\":\"ca\",\"@id\":\"https:\/\/www.tableroscado.com\/#\/schema\/logo\/image\/\",\"url\":\"https:\/\/www.tableroscado.com\/wp-content\/uploads\/2021\/06\/logo-cado-footer.png\",\"contentUrl\":\"https:\/\/www.tableroscado.com\/wp-content\/uploads\/2021\/06\/logo-cado-footer.png\",\"width\":132,\"height\":38,\"caption\":\"Tableros cado\"},\"image\":{\"@id\":\"https:\/\/www.tableroscado.com\/#\/schema\/logo\/image\/\"}}]}<\/script>\n<!-- \/ Yoast SEO plugin. -->","yoast_head_json":{"title":"Contacte - Formularis de contacte - Tableros Cado","description":"Si tens algun dubte, suggeriment o vols enviar-nos un missatge, pots posar-te en contacte amb nosaltres a trav\u00e9s del formulari.","robots":{"index":"index","follow":"follow","max-snippet":"max-snippet:-1","max-image-preview":"max-image-preview:large","max-video-preview":"max-video-preview:-1"},"canonical":"https:\/\/www.tableroscado.com\/ca\/contacte\/","og_locale":"ca_ES","og_type":"article","og_title":"Contacte - Formularis de contacte - Tableros Cado","og_description":"Si tens algun dubte, suggeriment o vols enviar-nos un missatge, pots posar-te en contacte amb nosaltres a trav\u00e9s del formulari.","og_url":"https:\/\/www.tableroscado.com\/ca\/contacte\/","og_site_name":"Tableros cado","article_modified_time":"2022-12-13T11:50:07+00:00","twitter_card":"summary_large_image","twitter_misc":{"Temps estimat de lectura":"1 minut"},"schema":{"@context":"https:\/\/schema.org","@graph":[{"@type":"WebPage","@id":"https:\/\/www.tableroscado.com\/ca\/contacte\/","url":"https:\/\/www.tableroscado.com\/ca\/contacte\/","name":"Contacte - Formularis de contacte - Tableros Cado","isPartOf":{"@id":"https:\/\/www.tableroscado.com\/#website"},"datePublished":"2018-01-26T09:58:21+00:00","dateModified":"2022-12-13T11:50:07+00:00","description":"Si tens algun dubte, suggeriment o vols enviar-nos un missatge, pots posar-te en contacte amb nosaltres a trav\u00e9s del formulari.","breadcrumb":{"@id":"https:\/\/www.tableroscado.com\/ca\/contacte\/#breadcrumb"},"inLanguage":"ca","potentialAction":[{"@type":"ReadAction","target":["https:\/\/www.tableroscado.com\/ca\/contacte\/"]}]},{"@type":"BreadcrumbList","@id":"https:\/\/www.tableroscado.com\/ca\/contacte\/#breadcrumb","itemListElement":[{"@type":"ListItem","position":1,"name":"Portada","item":"https:\/\/www.tableroscado.com\/ca\/"},{"@type":"ListItem","position":2,"name":"Contacte"}]},{"@type":"WebSite","@id":"https:\/\/www.tableroscado.com\/#website","url":"https:\/\/www.tableroscado.com\/","name":"Tableros cado","description":"","publisher":{"@id":"https:\/\/www.tableroscado.com\/#organization"},"potentialAction":[{"@type":"SearchAction","target":{"@type":"EntryPoint","urlTemplate":"https:\/\/www.tableroscado.com\/?s={search_term_string}"},"query-input":{"@type":"PropertyValueSpecification","valueRequired":true,"valueName":"search_term_string"}}],"inLanguage":"ca"},{"@type":"Organization","@id":"https:\/\/www.tableroscado.com\/#organization","name":"Tableros cado","url":"https:\/\/www.tableroscado.com\/","logo":{"@type":"ImageObject","inLanguage":"ca","@id":"https:\/\/www.tableroscado.com\/#\/schema\/logo\/image\/","url":"https:\/\/www.tableroscado.com\/wp-content\/uploads\/2021\/06\/logo-cado-footer.png","contentUrl":"https:\/\/www.tableroscado.com\/wp-content\/uploads\/2021\/06\/logo-cado-footer.png","width":132,"height":38,"caption":"Tableros cado"},"image":{"@id":"https:\/\/www.tableroscado.com\/#\/schema\/logo\/image\/"}}]}},"_links":{"self":[{"href":"https:\/\/www.tableroscado.com\/ca\/wp-json\/wp\/v2\/pages\/4329","targetHints":{"allow":["GET"]}}],"collection":[{"href":"https:\/\/www.tableroscado.com\/ca\/wp-json\/wp\/v2\/pages"}],"about":[{"href":"https:\/\/www.tableroscado.com\/ca\/wp-json\/wp\/v2\/types\/page"}],"author":[{"embeddable":true,"href":"https:\/\/www.tableroscado.com\/ca\/wp-json\/wp\/v2\/users\/1"}],"replies":[{"embeddable":true,"href":"https:\/\/www.tableroscado.com\/ca\/wp-json\/wp\/v2\/comments?post=4329"}],"version-history":[{"count":17,"href":"https:\/\/www.tableroscado.com\/ca\/wp-json\/wp\/v2\/pages\/4329\/revisions"}],"predecessor-version":[{"id":4496,"href":"https:\/\/www.tableroscado.com\/ca\/wp-json\/wp\/v2\/pages\/4329\/revisions\/4496"}],"wp:attachment":[{"href":"https:\/\/www.tableroscado.com\/ca\/wp-json\/wp\/v2\/media?parent=4329"}],"curies":[{"name":"wp","href":"https:\/\/api.w.org\/{rel}","templated":true}]}}